{"id":1153,"date":"2023-11-10T00:22:49","date_gmt":"2023-11-10T00:22:49","guid":{"rendered":"https:\/\/bebold.agency\/jeasalva\/?page_id=1153"},"modified":"2023-11-10T00:23:54","modified_gmt":"2023-11-10T00:23:54","slug":"cursos","status":"publish","type":"page","link":"https:\/\/jeasalva.com\/es\/cursos\/","title":{"rendered":"Cursos"},"content":{"rendered":"<div data-elementor-type=\"wp-page\" data-elementor-id=\"1153\" class=\"elementor elementor-1153\" data-elementor-post-type=\"page\">\n\t\t\t\t\t\t<section class=\"elementor-section elementor-top-section elementor-element elementor-element-0ed798c elementor-section-boxed elementor-section-height-default elementor-section-height-default\" data-id=\"0ed798c\" data-element_type=\"section\" data-e-type=\"section\" data-settings=\"{&quot;background_background&quot;:&quot;classic&quot;}\">\n\t\t\t\t\t\t<div class=\"elementor-container elementor-column-gap-no\">\n\t\t\t\t\t<div class=\"elementor-column elementor-col-100 elementor-top-column elementor-element elementor-element-555c9b1\" data-id=\"555c9b1\" data-element_type=\"column\" data-e-type=\"column\">\n\t\t\t<div class=\"elementor-widget-wrap elementor-element-populated\">\n\t\t\t\t\t\t<div class=\"elementor-element elementor-element-9fa996a elementor-widget elementor-widget-heading\" data-id=\"9fa996a\" data-element_type=\"widget\" data-e-type=\"widget\" data-widget_type=\"heading.default\">\n\t\t\t\t<div class=\"elementor-widget-container\">\n\t\t\t\t\t<h1 class=\"elementor-heading-title elementor-size-default\">Cursos<\/h1>\t\t\t\t<\/div>\n\t\t\t\t<\/div>\n\t\t\t\t<div class=\"elementor-element elementor-element-67af5d1 elementor-widget elementor-widget-text-editor\" data-id=\"67af5d1\" data-element_type=\"widget\" data-e-type=\"widget\" data-widget_type=\"text-editor.default\">\n\t\t\t\t<div class=\"elementor-widget-container\">\n\t\t\t\t\t\t\t\t\t<p>En esta secci\u00f3n encontrar\u00e1 una variedad de cursos que le ayudar\u00e1n a alcanzar sus objetivos personales y profesionales.<\/p>\t\t\t\t\t\t\t\t<\/div>\n\t\t\t\t<\/div>\n\t\t\t\t\t<\/div>\n\t\t<\/div>\n\t\t\t\t\t<\/div>\n\t\t<\/section>\n\t\t\t\t<section class=\"elementor-section elementor-top-section elementor-element elementor-element-8338eba elementor-section-boxed elementor-section-height-default elementor-section-height-default\" data-id=\"8338eba\" data-element_type=\"section\" data-e-type=\"section\" data-settings=\"{&quot;background_background&quot;:&quot;classic&quot;}\">\n\t\t\t\t\t\t<div class=\"elementor-container elementor-column-gap-no\">\n\t\t\t\t\t<div class=\"elementor-column elementor-col-100 elementor-top-column elementor-element elementor-element-0537fad\" data-id=\"0537fad\" data-element_type=\"column\" data-e-type=\"column\">\n\t\t\t<div class=\"elementor-widget-wrap elementor-element-populated\">\n\t\t\t\t\t\t<section class=\"elementor-section elementor-inner-section elementor-element elementor-element-2dab0cf elementor-section-content-top elementor-section-boxed elementor-section-height-default elementor-section-height-default\" data-id=\"2dab0cf\" data-element_type=\"section\" data-e-type=\"section\">\n\t\t\t\t\t\t<div class=\"elementor-container elementor-column-gap-extended\">\n\t\t\t\t\t<div class=\"elementor-column elementor-col-50 elementor-inner-column elementor-element elementor-element-68ec989\" data-id=\"68ec989\" data-element_type=\"column\" data-e-type=\"column\">\n\t\t\t<div class=\"elementor-widget-wrap elementor-element-populated\">\n\t\t\t\t\t\t<div class=\"elementor-element elementor-element-9c42212 elementor-widget elementor-widget-image\" data-id=\"9c42212\" data-element_type=\"widget\" data-e-type=\"widget\" data-widget_type=\"image.default\">\n\t\t\t\t<div class=\"elementor-widget-container\">\n\t\t\t\t\t\t\t\t\t\t\t\t\t\t\t\t<a href=\"https:\/\/jeanette-s-school-6914.thinkific.com\/courses\/katsi-programa-avanzado-de-negocios\">\n\t\t\t\t\t\t\t<img fetchpriority=\"high\" decoding=\"async\" width=\"1280\" height=\"720\" src=\"https:\/\/jeasalva.com\/wp-content\/uploads\/2023\/11\/Corto-1.png\" class=\"attachment-full size-full wp-image-911\" alt=\"\" srcset=\"https:\/\/jeasalva.com\/wp-content\/uploads\/2023\/11\/Corto-1.png 1280w, https:\/\/jeasalva.com\/wp-content\/uploads\/2023\/11\/Corto-1-300x169.png 300w, https:\/\/jeasalva.com\/wp-content\/uploads\/2023\/11\/Corto-1-1024x576.png 1024w, https:\/\/jeasalva.com\/wp-content\/uploads\/2023\/11\/Corto-1-768x432.png 768w\" sizes=\"(max-width: 1280px) 100vw, 1280px\" \/>\t\t\t\t\t\t\t\t<\/a>\n\t\t\t\t\t\t\t\t\t\t\t\t\t\t\t<\/div>\n\t\t\t\t<\/div>\n\t\t\t\t<div class=\"elementor-element elementor-element-003b824 elementor-widget elementor-widget-heading\" data-id=\"003b824\" data-element_type=\"widget\" data-e-type=\"widget\" data-widget_type=\"heading.default\">\n\t\t\t\t<div class=\"elementor-widget-container\">\n\t\t\t\t\t<h2 class=\"elementor-heading-title elementor-size-default\">KATSI - Programa avanzado de negocios para generar prosperidad.<\/h2>\t\t\t\t<\/div>\n\t\t\t\t<\/div>\n\t\t\t\t\t<\/div>\n\t\t<\/div>\n\t\t\t\t<div class=\"elementor-column elementor-col-50 elementor-inner-column elementor-element elementor-element-94ecc1f\" data-id=\"94ecc1f\" data-element_type=\"column\" data-e-type=\"column\">\n\t\t\t<div class=\"elementor-widget-wrap elementor-element-populated\">\n\t\t\t\t\t\t<div class=\"elementor-element elementor-element-18188a3 elementor-widget elementor-widget-image\" data-id=\"18188a3\" data-element_type=\"widget\" data-e-type=\"widget\" data-widget_type=\"image.default\">\n\t\t\t\t<div class=\"elementor-widget-container\">\n\t\t\t\t\t\t\t\t\t\t\t\t\t\t\t\t<a href=\"https:\/\/jeanette-s-school-6914.thinkific.com\/courses\/aplica-el-poder-de-la-gratitud-para-manifestar-tus-pensamientos-en-realidad\">\n\t\t\t\t\t\t\t<img decoding=\"async\" width=\"1280\" height=\"720\" src=\"https:\/\/jeasalva.com\/wp-content\/uploads\/2023\/11\/Cursos.webp\" class=\"attachment-full size-full wp-image-952\" alt=\"\" srcset=\"https:\/\/jeasalva.com\/wp-content\/uploads\/2023\/11\/Cursos.webp 1280w, https:\/\/jeasalva.com\/wp-content\/uploads\/2023\/11\/Cursos-300x169.webp 300w, https:\/\/jeasalva.com\/wp-content\/uploads\/2023\/11\/Cursos-1024x576.webp 1024w, https:\/\/jeasalva.com\/wp-content\/uploads\/2023\/11\/Cursos-768x432.webp 768w\" sizes=\"(max-width: 1280px) 100vw, 1280px\" \/>\t\t\t\t\t\t\t\t<\/a>\n\t\t\t\t\t\t\t\t\t\t\t\t\t\t\t<\/div>\n\t\t\t\t<\/div>\n\t\t\t\t<div class=\"elementor-element elementor-element-45428e4 elementor-widget elementor-widget-heading\" data-id=\"45428e4\" data-element_type=\"widget\" data-e-type=\"widget\" data-widget_type=\"heading.default\">\n\t\t\t\t<div class=\"elementor-widget-container\">\n\t\t\t\t\t<h2 class=\"elementor-heading-title elementor-size-default\">Aplica el Poder de la GRATITUD para Convertir tus Deseos en Realidad<\/h2>\t\t\t\t<\/div>\n\t\t\t\t<\/div>\n\t\t\t\t\t<\/div>\n\t\t<\/div>\n\t\t\t\t\t<\/div>\n\t\t<\/section>\n\t\t\t\t<section class=\"elementor-section elementor-inner-section elementor-element elementor-element-d95aeb8 elementor-section-content-middle elementor-section-boxed elementor-section-height-default elementor-section-height-default\" data-id=\"d95aeb8\" data-element_type=\"section\" data-e-type=\"section\">\n\t\t\t\t\t\t<div class=\"elementor-container elementor-column-gap-no\">\n\t\t\t\t\t<div class=\"elementor-column elementor-col-100 elementor-inner-column elementor-element elementor-element-db4ef95\" data-id=\"db4ef95\" data-element_type=\"column\" data-e-type=\"column\">\n\t\t\t<div class=\"elementor-widget-wrap elementor-element-populated\">\n\t\t\t\t\t\t<div class=\"elementor-element elementor-element-b5ae7dd elementor-align-center elementor-widget elementor-widget-button\" data-id=\"b5ae7dd\" data-element_type=\"widget\" data-e-type=\"widget\" data-widget_type=\"button.default\">\n\t\t\t\t<div class=\"elementor-widget-container\">\n\t\t\t\t\t\t\t\t\t<div class=\"elementor-button-wrapper\">\n\t\t\t\t\t<a class=\"elementor-button elementor-button-link elementor-size-sm\" href=\"https:\/\/jeanette-s-school-6914.thinkific.com\/collections\">\n\t\t\t\t\t\t<span class=\"elementor-button-content-wrapper\">\n\t\t\t\t\t\t<span class=\"elementor-button-icon\">\n\t\t\t\t<svg xmlns=\"http:\/\/www.w3.org\/2000\/svg\" viewbox=\"0 0 2048 2048\"><path d=\"M6.125 1088h1797.89l-402.976 403 89.994 90L2048 1024l-556.966-557-89.994 90 402.976 403H6.125v128z\"><\/path><\/svg>\t\t\t<\/span>\n\t\t\t\t\t\t\t\t\t<span class=\"elementor-button-text\">Todos los Cursos<\/span>\n\t\t\t\t\t<\/span>\n\t\t\t\t\t<\/a>\n\t\t\t\t<\/div>\n\t\t\t\t\t\t\t\t<\/div>\n\t\t\t\t<\/div>\n\t\t\t\t\t<\/div>\n\t\t<\/div>\n\t\t\t\t\t<\/div>\n\t\t<\/section>\n\t\t\t\t\t<\/div>\n\t\t<\/div>\n\t\t\t\t\t<\/div>\n\t\t<\/section>\n\t\t\t\t<section class=\"elementor-section elementor-top-section elementor-element elementor-element-76ec9cf elementor-section-height-min-height elementor-section-boxed elementor-section-height-default elementor-section-items-middle\" data-id=\"76ec9cf\" data-element_type=\"section\" data-e-type=\"section\" data-settings=\"{&quot;background_background&quot;:&quot;classic&quot;}\">\n\t\t\t\t\t\t<div class=\"elementor-container elementor-column-gap-no\">\n\t\t\t\t\t<div class=\"elementor-column elementor-col-100 elementor-top-column elementor-element elementor-element-6cab9ea\" data-id=\"6cab9ea\" data-element_type=\"column\" data-e-type=\"column\">\n\t\t\t<div class=\"elementor-widget-wrap elementor-element-populated\">\n\t\t\t\t\t\t<div class=\"elementor-element elementor-element-4da3084 elementor-widget elementor-widget-heading\" data-id=\"4da3084\" data-element_type=\"widget\" data-e-type=\"widget\" data-widget_type=\"heading.default\">\n\t\t\t\t<div class=\"elementor-widget-container\">\n\t\t\t\t\t<h6 class=\"elementor-heading-title elementor-size-default\">Oferta Especial<\/h6>\t\t\t\t<\/div>\n\t\t\t\t<\/div>\n\t\t\t\t<div class=\"elementor-element elementor-element-2a9f2e4 elementor-widget elementor-widget-heading\" data-id=\"2a9f2e4\" data-element_type=\"widget\" data-e-type=\"widget\" data-widget_type=\"heading.default\">\n\t\t\t\t<div class=\"elementor-widget-container\">\n\t\t\t\t\t<h2 class=\"elementor-heading-title elementor-size-default\">Cont\u00e1ctenos para descubrir c\u00f3mo podemos colaborar.\n<\/h2>\t\t\t\t<\/div>\n\t\t\t\t<\/div>\n\t\t\t\t<div class=\"elementor-element elementor-element-a8cc8b9 elementor-widget elementor-widget-text-editor\" data-id=\"a8cc8b9\" data-element_type=\"widget\" data-e-type=\"widget\" data-widget_type=\"text-editor.default\">\n\t\t\t\t<div class=\"elementor-widget-container\">\n\t\t\t\t\t\t\t\t\t<p>Haz clic en el bot\u00f3n para una sesi\u00f3n gratuita de 20 minutos.<\/p>\t\t\t\t\t\t\t\t<\/div>\n\t\t\t\t<\/div>\n\t\t\t\t<div class=\"elementor-element elementor-element-5c3e09b elementor-mobile-align-center elementor-align-center elementor-widget elementor-widget-button\" data-id=\"5c3e09b\" data-element_type=\"widget\" data-e-type=\"widget\" data-widget_type=\"button.default\">\n\t\t\t\t<div class=\"elementor-widget-container\">\n\t\t\t\t\t\t\t\t\t<div class=\"elementor-button-wrapper\">\n\t\t\t\t\t<a class=\"elementor-button elementor-button-link elementor-size-sm\" href=\"https:\/\/jeasalva.com\/es\/home-es\/#contact\">\n\t\t\t\t\t\t<span class=\"elementor-button-content-wrapper\">\n\t\t\t\t\t\t<span class=\"elementor-button-icon\">\n\t\t\t\t<svg xmlns=\"http:\/\/www.w3.org\/2000\/svg\" viewbox=\"0 0 2048 2048\"><path d=\"M6.125 1088h1797.89l-402.976 403 89.994 90L2048 1024l-556.966-557-89.994 90 402.976 403H6.125v128z\"><\/path><\/svg>\t\t\t<\/span>\n\t\t\t\t\t\t\t\t\t<span class=\"elementor-button-text\">Obt\u00e9n una sesi\u00f3n GRATUITA<\/span>\n\t\t\t\t\t<\/span>\n\t\t\t\t\t<\/a>\n\t\t\t\t<\/div>\n\t\t\t\t\t\t\t\t<\/div>\n\t\t\t\t<\/div>\n\t\t\t\t\t<\/div>\n\t\t<\/div>\n\t\t\t\t\t<\/div>\n\t\t<\/section>\n\t\t\t\t<\/div>","protected":false},"excerpt":{"rendered":"<p>Cursos En esta secci\u00f3n encontrar\u00e1 una variedad de cursos que le ayudar\u00e1n a alcanzar sus objetivos personales y profesionales. KATSI &#8211; Programa avanzado de negocios para generar prosperidad. Aplica el Poder de la GRATITUD para Convertir tus Deseos en Realidad Todos los Cursos Oferta Especial Cont\u00e1ctenos para descubrir c\u00f3mo podemos colaborar. Haz clic en el [&hellip;]<\/p>\n","protected":false},"author":2,"featured_media":0,"parent":0,"menu_order":0,"comment_status":"closed","ping_status":"closed","template":"","meta":{"_uag_custom_page_level_css":"","site-sidebar-layout":"no-sidebar","site-content-layout":"page-builder","ast-site-content-layout":"full-width-container","site-content-style":"unboxed","site-sidebar-style":"unboxed","ast-global-header-display":"","ast-banner-title-visibility":"","ast-main-header-display":"","ast-hfb-above-header-display":"","ast-hfb-below-header-display":"","ast-hfb-mobile-header-display":"","site-post-title":"disabled","ast-breadcrumbs-content":"disabled","ast-featured-img":"disabled","footer-sml-layout":"","ast-disable-related-posts":"","theme-transparent-header-meta":"enabled","adv-header-id-meta":"","stick-header-meta":"","header-above-stick-meta":"","header-main-stick-meta":"","header-below-stick-meta":"","astra-migrate-meta-layouts":"set","ast-page-background-enabled":"default","ast-page-background-meta":{"desktop":{"background-color":"var(--ast-global-color-4)","background-image":"","background-repeat":"repeat","background-position":"center center","background-size":"auto","background-attachment":"scroll","background-type":"","background-media":"","overlay-type":"","overlay-color":"","overlay-opacity":"","overlay-gradient":""},"tablet":{"background-color":"","background-image":"","background-repeat":"repeat","background-position":"center center","background-size":"auto","background-attachment":"scroll","background-type":"","background-media":"","overlay-type":"","overlay-color":"","overlay-opacity":"","overlay-gradient":""},"mobile":{"background-color":"","background-image":"","background-repeat":"repeat","background-position":"center center","background-size":"auto","background-attachment":"scroll","background-type":"","background-media":"","overlay-type":"","overlay-color":"","overlay-opacity":"","overlay-gradient":""}},"ast-content-background-meta":{"desktop":{"background-color":"var(--ast-global-color-5)","background-image":"","background-repeat":"repeat","background-position":"center center","background-size":"auto","background-attachment":"scroll","background-type":"","background-media":"","overlay-type":"","overlay-color":"","overlay-opacity":"","overlay-gradient":""},"tablet":{"background-color":"var(--ast-global-color-5)","background-image":"","background-repeat":"repeat","background-position":"center center","background-size":"auto","background-attachment":"scroll","background-type":"","background-media":"","overlay-type":"","overlay-color":"","overlay-opacity":"","overlay-gradient":""},"mobile":{"background-color":"var(--ast-global-color-5)","background-image":"","background-repeat":"repeat","background-position":"center center","background-size":"auto","background-attachment":"scroll","background-type":"","background-media":"","overlay-type":"","overlay-color":"","overlay-opacity":"","overlay-gradient":""}},"footnotes":""},"class_list":["post-1153","page","type-page","status-publish","hentry"],"yoast_head":"<!-- This site is optimized with the Yoast SEO plugin v27.1.1 - https:\/\/yoast.com\/product\/yoast-seo-wordpress\/ -->\n<title>Cursos - Jeanette Salvatierra<\/title>\n<meta name=\"robots\" content=\"index, follow, max-snippet:-1, max-image-preview:large, max-video-preview:-1\" \/>\n<link rel=\"canonical\" href=\"https:\/\/jeasalva.com\/es\/cursos\/\" \/>\n<meta property=\"og:locale\" content=\"es_ES\" \/>\n<meta property=\"og:type\" content=\"article\" \/>\n<meta property=\"og:title\" content=\"Cursos - Jeanette Salvatierra\" \/>\n<meta property=\"og:description\" content=\"Cursos En esta secci\u00f3n encontrar\u00e1 una variedad de cursos que le ayudar\u00e1n a alcanzar sus objetivos personales y profesionales. KATSI &#8211; Programa avanzado de negocios para generar prosperidad. Aplica el Poder de la GRATITUD para Convertir tus Deseos en Realidad Todos los Cursos Oferta Especial Cont\u00e1ctenos para descubrir c\u00f3mo podemos colaborar. Haz clic en el [&hellip;]\" \/>\n<meta property=\"og:url\" content=\"https:\/\/jeasalva.com\/es\/cursos\/\" \/>\n<meta property=\"og:site_name\" content=\"Jeanette Salvatierra\" \/>\n<meta property=\"article:modified_time\" content=\"2023-11-10T00:23:54+00:00\" \/>\n<meta property=\"og:image\" content=\"https:\/\/jeasalva.com\/wp-content\/uploads\/2023\/11\/Corto-1.png\" \/>\n<meta name=\"twitter:card\" content=\"summary_large_image\" \/>\n<meta name=\"twitter:label1\" content=\"Tiempo de lectura\" \/>\n\t<meta name=\"twitter:data1\" content=\"1 minuto\" \/>\n<script type=\"application\/ld+json\" class=\"yoast-schema-graph\">{\"@context\":\"https:\/\/schema.org\",\"@graph\":[{\"@type\":\"WebPage\",\"@id\":\"https:\/\/jeasalva.com\/es\/cursos\/\",\"url\":\"https:\/\/jeasalva.com\/es\/cursos\/\",\"name\":\"Cursos - Jeanette Salvatierra\",\"isPartOf\":{\"@id\":\"https:\/\/jeasalva.com\/es\/#website\"},\"primaryImageOfPage\":{\"@id\":\"https:\/\/jeasalva.com\/es\/cursos\/#primaryimage\"},\"image\":{\"@id\":\"https:\/\/jeasalva.com\/es\/cursos\/#primaryimage\"},\"thumbnailUrl\":\"https:\/\/jeasalva.com\/wp-content\/uploads\/2023\/11\/Corto-1.png\",\"datePublished\":\"2023-11-10T00:22:49+00:00\",\"dateModified\":\"2023-11-10T00:23:54+00:00\",\"breadcrumb\":{\"@id\":\"https:\/\/jeasalva.com\/es\/cursos\/#breadcrumb\"},\"inLanguage\":\"es\",\"potentialAction\":[{\"@type\":\"ReadAction\",\"target\":[\"https:\/\/jeasalva.com\/es\/cursos\/\"]}]},{\"@type\":\"ImageObject\",\"inLanguage\":\"es\",\"@id\":\"https:\/\/jeasalva.com\/es\/cursos\/#primaryimage\",\"url\":\"https:\/\/jeasalva.com\/wp-content\/uploads\/2023\/11\/Corto-1.png\",\"contentUrl\":\"https:\/\/jeasalva.com\/wp-content\/uploads\/2023\/11\/Corto-1.png\"},{\"@type\":\"BreadcrumbList\",\"@id\":\"https:\/\/jeasalva.com\/es\/cursos\/#breadcrumb\",\"itemListElement\":[{\"@type\":\"ListItem\",\"position\":1,\"name\":\"Home\",\"item\":\"https:\/\/jeasalva.com\/es\/home-es\/\"},{\"@type\":\"ListItem\",\"position\":2,\"name\":\"Cursos\"}]},{\"@type\":\"WebSite\",\"@id\":\"https:\/\/jeasalva.com\/es\/#website\",\"url\":\"https:\/\/jeasalva.com\/es\/\",\"name\":\"Jeanette Salvatierra\",\"description\":\"Business Woman and Mentor: The Gratitude Lady\",\"publisher\":{\"@id\":\"https:\/\/jeasalva.com\/es\/#organization\"},\"potentialAction\":[{\"@type\":\"SearchAction\",\"target\":{\"@type\":\"EntryPoint\",\"urlTemplate\":\"https:\/\/jeasalva.com\/es\/?s={search_term_string}\"},\"query-input\":{\"@type\":\"PropertyValueSpecification\",\"valueRequired\":true,\"valueName\":\"search_term_string\"}}],\"inLanguage\":\"es\"},{\"@type\":\"Organization\",\"@id\":\"https:\/\/jeasalva.com\/es\/#organization\",\"name\":\"Jeanette Salvatierra\",\"url\":\"https:\/\/jeasalva.com\/es\/\",\"logo\":{\"@type\":\"ImageObject\",\"inLanguage\":\"es\",\"@id\":\"https:\/\/jeasalva.com\/es\/#\/schema\/logo\/image\/\",\"url\":\"https:\/\/jeasalva.com\/wp-content\/uploads\/2023\/10\/logo_blanco.png\",\"contentUrl\":\"https:\/\/jeasalva.com\/wp-content\/uploads\/2023\/10\/logo_blanco.png\",\"width\":667,\"height\":178,\"caption\":\"Jeanette Salvatierra\"},\"image\":{\"@id\":\"https:\/\/jeasalva.com\/es\/#\/schema\/logo\/image\/\"}}]}<\/script>\n<!-- \/ Yoast SEO plugin. -->","yoast_head_json":{"title":"Cursos - Jeanette Salvatierra","robots":{"index":"index","follow":"follow","max-snippet":"max-snippet:-1","max-image-preview":"max-image-preview:large","max-video-preview":"max-video-preview:-1"},"canonical":"https:\/\/jeasalva.com\/es\/cursos\/","og_locale":"es_ES","og_type":"article","og_title":"Cursos - Jeanette Salvatierra","og_description":"Cursos En esta secci\u00f3n encontrar\u00e1 una variedad de cursos que le ayudar\u00e1n a alcanzar sus objetivos personales y profesionales. KATSI &#8211; Programa avanzado de negocios para generar prosperidad. Aplica el Poder de la GRATITUD para Convertir tus Deseos en Realidad Todos los Cursos Oferta Especial Cont\u00e1ctenos para descubrir c\u00f3mo podemos colaborar. Haz clic en el [&hellip;]","og_url":"https:\/\/jeasalva.com\/es\/cursos\/","og_site_name":"Jeanette Salvatierra","article_modified_time":"2023-11-10T00:23:54+00:00","og_image":[{"url":"https:\/\/jeasalva.com\/wp-content\/uploads\/2023\/11\/Corto-1.png","type":"","width":"","height":""}],"twitter_card":"summary_large_image","twitter_misc":{"Tiempo de lectura":"1 minuto"},"schema":{"@context":"https:\/\/schema.org","@graph":[{"@type":"WebPage","@id":"https:\/\/jeasalva.com\/es\/cursos\/","url":"https:\/\/jeasalva.com\/es\/cursos\/","name":"Cursos - Jeanette Salvatierra","isPartOf":{"@id":"https:\/\/jeasalva.com\/es\/#website"},"primaryImageOfPage":{"@id":"https:\/\/jeasalva.com\/es\/cursos\/#primaryimage"},"image":{"@id":"https:\/\/jeasalva.com\/es\/cursos\/#primaryimage"},"thumbnailUrl":"https:\/\/jeasalva.com\/wp-content\/uploads\/2023\/11\/Corto-1.png","datePublished":"2023-11-10T00:22:49+00:00","dateModified":"2023-11-10T00:23:54+00:00","breadcrumb":{"@id":"https:\/\/jeasalva.com\/es\/cursos\/#breadcrumb"},"inLanguage":"es","potentialAction":[{"@type":"ReadAction","target":["https:\/\/jeasalva.com\/es\/cursos\/"]}]},{"@type":"ImageObject","inLanguage":"es","@id":"https:\/\/jeasalva.com\/es\/cursos\/#primaryimage","url":"https:\/\/jeasalva.com\/wp-content\/uploads\/2023\/11\/Corto-1.png","contentUrl":"https:\/\/jeasalva.com\/wp-content\/uploads\/2023\/11\/Corto-1.png"},{"@type":"BreadcrumbList","@id":"https:\/\/jeasalva.com\/es\/cursos\/#breadcrumb","itemListElement":[{"@type":"ListItem","position":1,"name":"Home","item":"https:\/\/jeasalva.com\/es\/home-es\/"},{"@type":"ListItem","position":2,"name":"Cursos"}]},{"@type":"WebSite","@id":"https:\/\/jeasalva.com\/es\/#website","url":"https:\/\/jeasalva.com\/es\/","name":"Jeanette Salvatierra","description":"Business Woman and Mentor: The Gratitude Lady","publisher":{"@id":"https:\/\/jeasalva.com\/es\/#organization"},"potentialAction":[{"@type":"SearchAction","target":{"@type":"EntryPoint","urlTemplate":"https:\/\/jeasalva.com\/es\/?s={search_term_string}"},"query-input":{"@type":"PropertyValueSpecification","valueRequired":true,"valueName":"search_term_string"}}],"inLanguage":"es"},{"@type":"Organization","@id":"https:\/\/jeasalva.com\/es\/#organization","name":"Jeanette Salvatierra","url":"https:\/\/jeasalva.com\/es\/","logo":{"@type":"ImageObject","inLanguage":"es","@id":"https:\/\/jeasalva.com\/es\/#\/schema\/logo\/image\/","url":"https:\/\/jeasalva.com\/wp-content\/uploads\/2023\/10\/logo_blanco.png","contentUrl":"https:\/\/jeasalva.com\/wp-content\/uploads\/2023\/10\/logo_blanco.png","width":667,"height":178,"caption":"Jeanette Salvatierra"},"image":{"@id":"https:\/\/jeasalva.com\/es\/#\/schema\/logo\/image\/"}}]}},"uagb_featured_image_src":{"full":false,"thumbnail":false,"medium":false,"medium_large":false,"large":false,"1536x1536":false,"2048x2048":false,"trp-custom-language-flag":false},"uagb_author_info":{"display_name":"Oriana Galdeano","author_link":"https:\/\/jeasalva.com\/es\/author\/webmaster\/"},"uagb_comment_info":0,"uagb_excerpt":"Cursos En esta secci\u00f3n encontrar\u00e1 una variedad de cursos que le ayudar\u00e1n a alcanzar sus objetivos personales y profesionales. KATSI &#8211; Programa avanzado de negocios para generar prosperidad. Aplica el Poder de la GRATITUD para Convertir tus Deseos en Realidad Todos los Cursos Oferta Especial Cont\u00e1ctenos para descubrir c\u00f3mo podemos colaborar. Haz clic en el&hellip;","_links":{"self":[{"href":"https:\/\/jeasalva.com\/es\/wp-json\/wp\/v2\/pages\/1153","targetHints":{"allow":["GET"]}}],"collection":[{"href":"https:\/\/jeasalva.com\/es\/wp-json\/wp\/v2\/pages"}],"about":[{"href":"https:\/\/jeasalva.com\/es\/wp-json\/wp\/v2\/types\/page"}],"author":[{"embeddable":true,"href":"https:\/\/jeasalva.com\/es\/wp-json\/wp\/v2\/users\/2"}],"replies":[{"embeddable":true,"href":"https:\/\/jeasalva.com\/es\/wp-json\/wp\/v2\/comments?post=1153"}],"version-history":[{"count":7,"href":"https:\/\/jeasalva.com\/es\/wp-json\/wp\/v2\/pages\/1153\/revisions"}],"predecessor-version":[{"id":1160,"href":"https:\/\/jeasalva.com\/es\/wp-json\/wp\/v2\/pages\/1153\/revisions\/1160"}],"wp:attachment":[{"href":"https:\/\/jeasalva.com\/es\/wp-json\/wp\/v2\/media?parent=1153"}],"curies":[{"name":"wp","href":"https:\/\/api.w.org\/{rel}","templated":true}]}}