{"id":1135,"date":"2023-11-10T00:08:37","date_gmt":"2023-11-10T00:08:37","guid":{"rendered":"https:\/\/bebold.agency\/jeasalva\/?page_id=1135"},"modified":"2023-11-14T14:48:54","modified_gmt":"2023-11-14T14:48:54","slug":"sobre-mi","status":"publish","type":"page","link":"https:\/\/jeasalva.com\/es\/sobre-mi\/","title":{"rendered":"Sobre Mi"},"content":{"rendered":"\t\t<div data-elementor-type=\"wp-page\" data-elementor-id=\"1135\" class=\"elementor elementor-1135\" data-elementor-post-type=\"page\">\n\t\t\t\t\t\t<section class=\"elementor-section elementor-top-section elementor-element elementor-element-d7d801d elementor-section-boxed elementor-section-height-default elementor-section-height-default\" data-id=\"d7d801d\" data-element_type=\"section\" data-e-type=\"section\" data-settings=\"{&quot;background_background&quot;:&quot;classic&quot;}\">\n\t\t\t\t\t\t<div class=\"elementor-container elementor-column-gap-no\">\n\t\t\t\t\t<div class=\"elementor-column elementor-col-100 elementor-top-column elementor-element elementor-element-1897415\" data-id=\"1897415\" data-element_type=\"column\" data-e-type=\"column\">\n\t\t\t<div class=\"elementor-widget-wrap elementor-element-populated\">\n\t\t\t\t\t\t<div class=\"elementor-element elementor-element-6f4c617 elementor-widget elementor-widget-image\" data-id=\"6f4c617\" data-element_type=\"widget\" data-e-type=\"widget\" data-widget_type=\"image.default\">\n\t\t\t\t<div class=\"elementor-widget-container\">\n\t\t\t\t\t\t\t\t\t\t\t\t\t\t\t<img fetchpriority=\"high\" decoding=\"async\" width=\"667\" height=\"178\" src=\"https:\/\/jeasalva.com\/wp-content\/uploads\/2023\/10\/logo_blanco.png\" class=\"attachment-large size-large wp-image-55\" alt=\"\" srcset=\"https:\/\/jeasalva.com\/wp-content\/uploads\/2023\/10\/logo_blanco.png 667w, https:\/\/jeasalva.com\/wp-content\/uploads\/2023\/10\/logo_blanco-300x80.png 300w, https:\/\/jeasalva.com\/wp-content\/uploads\/2023\/10\/logo_blanco-18x5.png 18w, https:\/\/jeasalva.com\/wp-content\/uploads\/2023\/10\/logo_blanco-125x33.png 125w\" sizes=\"(max-width: 667px) 100vw, 667px\" \/>\t\t\t\t\t\t\t\t\t\t\t\t\t\t\t<\/div>\n\t\t\t\t<\/div>\n\t\t\t\t<div class=\"elementor-element elementor-element-32cd5c7 elementor-widget elementor-widget-heading\" data-id=\"32cd5c7\" data-element_type=\"widget\" data-e-type=\"widget\" data-widget_type=\"heading.default\">\n\t\t\t\t<div class=\"elementor-widget-container\">\n\t\t\t\t\t<h1 class=\"elementor-heading-title elementor-size-default\">Es m\u00e1s que negocios.<\/h1>\t\t\t\t<\/div>\n\t\t\t\t<\/div>\n\t\t\t\t\t<\/div>\n\t\t<\/div>\n\t\t\t\t\t<\/div>\n\t\t<\/section>\n\t\t\t\t<section class=\"elementor-section elementor-top-section elementor-element elementor-element-756bf45 elementor-section-boxed elementor-section-height-default elementor-section-height-default\" data-id=\"756bf45\" data-element_type=\"section\" data-e-type=\"section\" data-settings=\"{&quot;background_background&quot;:&quot;classic&quot;}\">\n\t\t\t\t\t\t<div class=\"elementor-container elementor-column-gap-no\">\n\t\t\t\t\t<div class=\"elementor-column elementor-col-100 elementor-top-column elementor-element elementor-element-4b0da95\" data-id=\"4b0da95\" data-element_type=\"column\" data-e-type=\"column\">\n\t\t\t<div class=\"elementor-widget-wrap elementor-element-populated\">\n\t\t\t\t\t\t<section class=\"elementor-section elementor-inner-section elementor-element elementor-element-97f4590 elementor-section-boxed elementor-section-height-default elementor-section-height-default\" data-id=\"97f4590\" data-element_type=\"section\" data-e-type=\"section\">\n\t\t\t\t\t\t<div class=\"elementor-container elementor-column-gap-no\">\n\t\t\t\t\t<aside class=\"elementor-column elementor-col-50 elementor-inner-column elementor-element elementor-element-3c1949c\" data-id=\"3c1949c\" data-element_type=\"column\" data-e-type=\"column\">\n\t\t\t<div class=\"elementor-widget-wrap elementor-element-populated\">\n\t\t\t\t\t\t<div class=\"elementor-element elementor-element-5b902c0 elementor-widget elementor-widget-heading\" data-id=\"5b902c0\" data-element_type=\"widget\" data-e-type=\"widget\" data-widget_type=\"heading.default\">\n\t\t\t\t<div class=\"elementor-widget-container\">\n\t\t\t\t\t<h2 class=\"elementor-heading-title elementor-size-default\">Sobre Mi<\/h2>\t\t\t\t<\/div>\n\t\t\t\t<\/div>\n\t\t\t\t<div class=\"elementor-element elementor-element-5ad47d0 elementor-widget elementor-widget-text-editor\" data-id=\"5ad47d0\" data-element_type=\"widget\" data-e-type=\"widget\" data-widget_type=\"text-editor.default\">\n\t\t\t\t<div class=\"elementor-widget-container\">\n\t\t\t\t\t\t\t\t\t<p><span data-sheets-value=\"{&quot;1&quot;:2,&quot;2&quot;:&quot;Soy Jeanette Salvatierra, tu gu\u00eda de confianza en el camino del crecimiento personal y profesional. \\n\\nCon a\u00f1os de experiencia como mentora de vida y negocios, autora galardonada, oradora y presentadora de podcast. A parte de contar con experiencia corporativa, me dedico a empoderar a las personas para que alcancen el \u00e9xito tanto en sus vidas personales como en sus carreras. \\n\\nA trav\u00e9s de mentor\u00edas, experiencia empresarial y programas con t\u00e9cnicas probadas y adaptadas a diferentes necesidades, mi objetivo es ayudar a los profesionales a conquistar obst\u00e1culos, definir su prop\u00f3sito y alcanzar la prosperidad y sustentabilidad. Una mezcla \u00fanica de ingenier\u00eda, conocimientos empresariales y conciencia aguardan a quienes me elijan para apoyarlos. \\n\\nDescubre una orientaci\u00f3n transformadora y perm\u00edteme mostrarte c\u00f3mo convertir tu pasi\u00f3n en prosperidad personal y profesional.&quot;}\" data-sheets-userformat=\"{&quot;2&quot;:7081,&quot;3&quot;:{&quot;1&quot;:0},&quot;6&quot;:{&quot;1&quot;:[{&quot;1&quot;:2,&quot;2&quot;:0,&quot;5&quot;:{&quot;1&quot;:2,&quot;2&quot;:0}},{&quot;1&quot;:0,&quot;2&quot;:0,&quot;3&quot;:3},{&quot;1&quot;:1,&quot;2&quot;:0,&quot;4&quot;:1}]},&quot;8&quot;:{&quot;1&quot;:[{&quot;1&quot;:2,&quot;2&quot;:0,&quot;5&quot;:{&quot;1&quot;:2,&quot;2&quot;:0}},{&quot;1&quot;:0,&quot;2&quot;:0,&quot;3&quot;:3},{&quot;1&quot;:1,&quot;2&quot;:0,&quot;4&quot;:1}]},&quot;10&quot;:0,&quot;11&quot;:4,&quot;12&quot;:0,&quot;14&quot;:{&quot;1&quot;:2,&quot;2&quot;:0},&quot;15&quot;:&quot;\\&quot;Open Sans\\&quot;, Arial&quot;}\" data-sheets-textstyleruns=\"{&quot;1&quot;:0}\uee10{&quot;1&quot;:214,&quot;2&quot;:{&quot;2&quot;:{&quot;1&quot;:2,&quot;2&quot;:16711680}}}\uee10{&quot;1&quot;:259}\uee10{&quot;1&quot;:704,&quot;2&quot;:{&quot;2&quot;:{&quot;1&quot;:2,&quot;2&quot;:16711680}}}\uee10{&quot;1&quot;:749}\">Soy Jeanette Salvatierra, tu gu\u00eda de confianza en el camino del crecimiento personal y profesional. <br \/><br \/>Con a\u00f1os de experiencia como mentora de vida y negocios, autora galardonada, oradora y presentadora de podcast. A parte de contar con experiencia corporativa, me dedico a empoderar a las personas para que alcancen el \u00e9xito tanto en sus vidas personales como en sus carreras. <br \/><br \/>A trav\u00e9s de mentor\u00edas, experiencia empresarial y programas con t\u00e9cnicas probadas y adaptadas a diferentes necesidades, mi objetivo es ayudar a los profesionales a conquistar obst\u00e1culos, definir su prop\u00f3sito y alcanzar la prosperidad y sustentabilidad. Una mezcla \u00fanica de ingenier\u00eda, conocimientos empresariales y conciencia aguardan a quienes me elijan para apoyarlos. <br \/><br \/>Descubre una orientaci\u00f3n transformadora y perm\u00edteme mostrarte c\u00f3mo convertir tu pasi\u00f3n en prosperidad personal y profesional.<\/span><\/p><p>Te apoyo para que conviertas tu pasi\u00f3n en prosperidad. Mentora personal y empresarial con experiencia corporativa, autora, oradora y presentadora de JeanetteSalvatierraTV y &#8220;M\u00e1s Que Negocios&#8221;.<\/p>\t\t\t\t\t\t\t\t<\/div>\n\t\t\t\t<\/div>\n\t\t\t\t<div class=\"elementor-element elementor-element-a2097c9 elementor-widget-divider--view-line elementor-widget elementor-widget-divider\" data-id=\"a2097c9\" data-element_type=\"widget\" data-e-type=\"widget\" data-widget_type=\"divider.default\">\n\t\t\t\t<div class=\"elementor-widget-container\">\n\t\t\t\t\t\t\t<div class=\"elementor-divider\">\n\t\t\t<span class=\"elementor-divider-separator\">\n\t\t\t\t\t\t<\/span>\n\t\t<\/div>\n\t\t\t\t\t\t<\/div>\n\t\t\t\t<\/div>\n\t\t\t\t\t<\/div>\n\t\t<\/aside>\n\t\t\t\t<div class=\"elementor-column elementor-col-50 elementor-inner-column elementor-element elementor-element-6e053df\" data-id=\"6e053df\" data-element_type=\"column\" data-e-type=\"column\">\n\t\t\t<div class=\"elementor-widget-wrap elementor-element-populated\">\n\t\t\t\t\t\t<div class=\"elementor-element elementor-element-8c0434f e-transform elementor-widget elementor-widget-image\" data-id=\"8c0434f\" data-element_type=\"widget\" data-e-type=\"widget\" data-settings=\"{&quot;_transform_scale_effect_hover&quot;:{&quot;unit&quot;:&quot;px&quot;,&quot;size&quot;:1.100000000000000088817841970012523233890533447265625,&quot;sizes&quot;:[]},&quot;_transform_scale_effect_hover_tablet&quot;:{&quot;unit&quot;:&quot;px&quot;,&quot;size&quot;:&quot;&quot;,&quot;sizes&quot;:[]},&quot;_transform_scale_effect_hover_mobile&quot;:{&quot;unit&quot;:&quot;px&quot;,&quot;size&quot;:&quot;&quot;,&quot;sizes&quot;:[]}}\" data-widget_type=\"image.default\">\n\t\t\t\t<div class=\"elementor-widget-container\">\n\t\t\t\t\t\t\t\t\t\t\t\t\t\t\t<img decoding=\"async\" width=\"683\" height=\"1024\" src=\"https:\/\/jeasalva.com\/wp-content\/uploads\/2023\/11\/JeanetteSalvatierra6360WEB-683x1024.jpg\" class=\"attachment-large size-large wp-image-876\" alt=\"\" srcset=\"https:\/\/jeasalva.com\/wp-content\/uploads\/2023\/11\/JeanetteSalvatierra6360WEB-683x1024.jpg 683w, https:\/\/jeasalva.com\/wp-content\/uploads\/2023\/11\/JeanetteSalvatierra6360WEB-200x300.jpg 200w, https:\/\/jeasalva.com\/wp-content\/uploads\/2023\/11\/JeanetteSalvatierra6360WEB-768x1151.jpg 768w, https:\/\/jeasalva.com\/wp-content\/uploads\/2023\/11\/JeanetteSalvatierra6360WEB-1025x1536.jpg 1025w, https:\/\/jeasalva.com\/wp-content\/uploads\/2023\/11\/JeanetteSalvatierra6360WEB.jpg 1366w\" sizes=\"(max-width: 683px) 100vw, 683px\" \/>\t\t\t\t\t\t\t\t\t\t\t\t\t\t\t<\/div>\n\t\t\t\t<\/div>\n\t\t\t\t\t<\/div>\n\t\t<\/div>\n\t\t\t\t\t<\/div>\n\t\t<\/section>\n\t\t\t\t\t<\/div>\n\t\t<\/div>\n\t\t\t\t\t<\/div>\n\t\t<\/section>\n\t\t\t\t<section class=\"elementor-section elementor-top-section elementor-element elementor-element-2b3a83f elementor-section-boxed elementor-section-height-default elementor-section-height-default\" data-id=\"2b3a83f\" data-element_type=\"section\" data-e-type=\"section\" data-settings=\"{&quot;background_background&quot;:&quot;gradient&quot;}\">\n\t\t\t\t\t\t<div class=\"elementor-container elementor-column-gap-no\">\n\t\t\t\t\t<div class=\"elementor-column elementor-col-100 elementor-top-column elementor-element elementor-element-82268d7\" data-id=\"82268d7\" data-element_type=\"column\" data-e-type=\"column\">\n\t\t\t<div class=\"elementor-widget-wrap elementor-element-populated\">\n\t\t\t\t\t\t<div class=\"elementor-element elementor-element-7151693 elementor-widget elementor-widget-video\" data-id=\"7151693\" data-element_type=\"widget\" data-e-type=\"widget\" data-settings=\"{&quot;youtube_url&quot;:&quot;https:\\\/\\\/www.youtube.com\\\/watch?v=QgMdwgaWV9g&quot;,&quot;lazy_load&quot;:&quot;yes&quot;,&quot;show_image_overlay&quot;:&quot;yes&quot;,&quot;image_overlay&quot;:{&quot;url&quot;:&quot;&quot;,&quot;id&quot;:&quot;&quot;,&quot;size&quot;:&quot;&quot;},&quot;video_type&quot;:&quot;youtube&quot;,&quot;controls&quot;:&quot;yes&quot;}\" data-widget_type=\"video.default\">\n\t\t\t\t<div class=\"elementor-widget-container\">\n\t\t\t\t\t\t\t<div class=\"elementor-wrapper elementor-open-inline\">\n\t\t\t<div class=\"elementor-video\"><\/div>\t\t<\/div>\n\t\t\t\t\t\t<\/div>\n\t\t\t\t<\/div>\n\t\t\t\t\t<\/div>\n\t\t<\/div>\n\t\t\t\t\t<\/div>\n\t\t<\/section>\n\t\t\t\t<\/div>\n\t\t","protected":false},"excerpt":{"rendered":"<p>Es m\u00e1s que negocios. Sobre Mi Soy Jeanette Salvatierra, tu gu\u00eda de confianza en el camino del crecimiento personal y profesional. Con a\u00f1os de experiencia como mentora de vida y negocios, autora galardonada, oradora y presentadora de podcast. A parte de contar con experiencia corporativa, me dedico a empoderar a las personas para que alcancen [&hellip;]<\/p>\n","protected":false},"author":2,"featured_media":0,"parent":0,"menu_order":0,"comment_status":"closed","ping_status":"closed","template":"","meta":{"_uag_custom_page_level_css":"","site-sidebar-layout":"no-sidebar","site-content-layout":"page-builder","ast-site-content-layout":"full-width-container","site-content-style":"unboxed","site-sidebar-style":"unboxed","ast-global-header-display":"","ast-banner-title-visibility":"","ast-main-header-display":"","ast-hfb-above-header-display":"","ast-hfb-below-header-display":"","ast-hfb-mobile-header-display":"","site-post-title":"disabled","ast-breadcrumbs-content":"disabled","ast-featured-img":"disabled","footer-sml-layout":"","ast-disable-related-posts":"","theme-transparent-header-meta":"enabled","adv-header-id-meta":"","stick-header-meta":"","header-above-stick-meta":"","header-main-stick-meta":"","header-below-stick-meta":"","astra-migrate-meta-layouts":"set","ast-page-background-enabled":"default","ast-page-background-meta":{"desktop":{"background-color":"var(--ast-global-color-4)","background-image":"","background-repeat":"repeat","background-position":"center center","background-size":"auto","background-attachment":"scroll","background-type":"","background-media":"","overlay-type":"","overlay-color":"","overlay-opacity":"","overlay-gradient":""},"tablet":{"background-color":"","background-image":"","background-repeat":"repeat","background-position":"center center","background-size":"auto","background-attachment":"scroll","background-type":"","background-media":"","overlay-type":"","overlay-color":"","overlay-opacity":"","overlay-gradient":""},"mobile":{"background-color":"","background-image":"","background-repeat":"repeat","background-position":"center center","background-size":"auto","background-attachment":"scroll","background-type":"","background-media":"","overlay-type":"","overlay-color":"","overlay-opacity":"","overlay-gradient":""}},"ast-content-background-meta":{"desktop":{"background-color":"var(--ast-global-color-5)","background-image":"","background-repeat":"repeat","background-position":"center center","background-size":"auto","background-attachment":"scroll","background-type":"","background-media":"","overlay-type":"","overlay-color":"","overlay-opacity":"","overlay-gradient":""},"tablet":{"background-color":"var(--ast-global-color-5)","background-image":"","background-repeat":"repeat","background-position":"center center","background-size":"auto","background-attachment":"scroll","background-type":"","background-media":"","overlay-type":"","overlay-color":"","overlay-opacity":"","overlay-gradient":""},"mobile":{"background-color":"var(--ast-global-color-5)","background-image":"","background-repeat":"repeat","background-position":"center center","background-size":"auto","background-attachment":"scroll","background-type":"","background-media":"","overlay-type":"","overlay-color":"","overlay-opacity":"","overlay-gradient":""}},"footnotes":""},"class_list":["post-1135","page","type-page","status-publish","hentry"],"yoast_head":"<!-- This site is optimized with the Yoast SEO plugin v27.1.1 - https:\/\/yoast.com\/product\/yoast-seo-wordpress\/ -->\n<title>Sobre Mi - Jeanette Salvatierra<\/title>\n<meta name=\"robots\" content=\"index, follow, max-snippet:-1, max-image-preview:large, max-video-preview:-1\" \/>\n<link rel=\"canonical\" href=\"https:\/\/jeasalva.com\/es\/sobre-mi\/\" \/>\n<meta property=\"og:locale\" content=\"es_ES\" \/>\n<meta property=\"og:type\" content=\"article\" \/>\n<meta property=\"og:title\" content=\"Sobre Mi - Jeanette Salvatierra\" \/>\n<meta property=\"og:description\" content=\"Es m\u00e1s que negocios. Sobre Mi Soy Jeanette Salvatierra, tu gu\u00eda de confianza en el camino del crecimiento personal y profesional. Con a\u00f1os de experiencia como mentora de vida y negocios, autora galardonada, oradora y presentadora de podcast. A parte de contar con experiencia corporativa, me dedico a empoderar a las personas para que alcancen [&hellip;]\" \/>\n<meta property=\"og:url\" content=\"https:\/\/jeasalva.com\/es\/sobre-mi\/\" \/>\n<meta property=\"og:site_name\" content=\"Jeanette Salvatierra\" \/>\n<meta property=\"article:modified_time\" content=\"2023-11-14T14:48:54+00:00\" \/>\n<meta property=\"og:image\" content=\"https:\/\/jeasalva.com\/wp-content\/uploads\/2023\/10\/logo_blanco.png\" \/>\n<meta name=\"twitter:card\" content=\"summary_large_image\" \/>\n<meta name=\"twitter:label1\" content=\"Tiempo de lectura\" \/>\n\t<meta name=\"twitter:data1\" content=\"2 minutos\" \/>\n<script type=\"application\/ld+json\" class=\"yoast-schema-graph\">{\"@context\":\"https:\/\/schema.org\",\"@graph\":[{\"@type\":\"WebPage\",\"@id\":\"https:\/\/jeasalva.com\/es\/sobre-mi\/\",\"url\":\"https:\/\/jeasalva.com\/es\/sobre-mi\/\",\"name\":\"Sobre Mi - Jeanette Salvatierra\",\"isPartOf\":{\"@id\":\"https:\/\/jeasalva.com\/es\/#website\"},\"primaryImageOfPage\":{\"@id\":\"https:\/\/jeasalva.com\/es\/sobre-mi\/#primaryimage\"},\"image\":{\"@id\":\"https:\/\/jeasalva.com\/es\/sobre-mi\/#primaryimage\"},\"thumbnailUrl\":\"https:\/\/jeasalva.com\/wp-content\/uploads\/2023\/10\/logo_blanco.png\",\"datePublished\":\"2023-11-10T00:08:37+00:00\",\"dateModified\":\"2023-11-14T14:48:54+00:00\",\"breadcrumb\":{\"@id\":\"https:\/\/jeasalva.com\/es\/sobre-mi\/#breadcrumb\"},\"inLanguage\":\"es\",\"potentialAction\":[{\"@type\":\"ReadAction\",\"target\":[\"https:\/\/jeasalva.com\/es\/sobre-mi\/\"]}]},{\"@type\":\"ImageObject\",\"inLanguage\":\"es\",\"@id\":\"https:\/\/jeasalva.com\/es\/sobre-mi\/#primaryimage\",\"url\":\"https:\/\/jeasalva.com\/wp-content\/uploads\/2023\/10\/logo_blanco.png\",\"contentUrl\":\"https:\/\/jeasalva.com\/wp-content\/uploads\/2023\/10\/logo_blanco.png\"},{\"@type\":\"BreadcrumbList\",\"@id\":\"https:\/\/jeasalva.com\/es\/sobre-mi\/#breadcrumb\",\"itemListElement\":[{\"@type\":\"ListItem\",\"position\":1,\"name\":\"Home\",\"item\":\"https:\/\/jeasalva.com\/es\/home-es\/\"},{\"@type\":\"ListItem\",\"position\":2,\"name\":\"Sobre Mi\"}]},{\"@type\":\"WebSite\",\"@id\":\"https:\/\/jeasalva.com\/es\/#website\",\"url\":\"https:\/\/jeasalva.com\/es\/\",\"name\":\"Jeanette Salvatierra\",\"description\":\"Business Woman and Mentor: The Gratitude Lady\",\"publisher\":{\"@id\":\"https:\/\/jeasalva.com\/es\/#organization\"},\"potentialAction\":[{\"@type\":\"SearchAction\",\"target\":{\"@type\":\"EntryPoint\",\"urlTemplate\":\"https:\/\/jeasalva.com\/es\/?s={search_term_string}\"},\"query-input\":{\"@type\":\"PropertyValueSpecification\",\"valueRequired\":true,\"valueName\":\"search_term_string\"}}],\"inLanguage\":\"es\"},{\"@type\":\"Organization\",\"@id\":\"https:\/\/jeasalva.com\/es\/#organization\",\"name\":\"Jeanette Salvatierra\",\"url\":\"https:\/\/jeasalva.com\/es\/\",\"logo\":{\"@type\":\"ImageObject\",\"inLanguage\":\"es\",\"@id\":\"https:\/\/jeasalva.com\/es\/#\/schema\/logo\/image\/\",\"url\":\"https:\/\/jeasalva.com\/wp-content\/uploads\/2023\/10\/logo_blanco.png\",\"contentUrl\":\"https:\/\/jeasalva.com\/wp-content\/uploads\/2023\/10\/logo_blanco.png\",\"width\":667,\"height\":178,\"caption\":\"Jeanette Salvatierra\"},\"image\":{\"@id\":\"https:\/\/jeasalva.com\/es\/#\/schema\/logo\/image\/\"}}]}<\/script>\n<!-- \/ Yoast SEO plugin. -->","yoast_head_json":{"title":"Sobre Mi - Jeanette Salvatierra","robots":{"index":"index","follow":"follow","max-snippet":"max-snippet:-1","max-image-preview":"max-image-preview:large","max-video-preview":"max-video-preview:-1"},"canonical":"https:\/\/jeasalva.com\/es\/sobre-mi\/","og_locale":"es_ES","og_type":"article","og_title":"Sobre Mi - Jeanette Salvatierra","og_description":"Es m\u00e1s que negocios. Sobre Mi Soy Jeanette Salvatierra, tu gu\u00eda de confianza en el camino del crecimiento personal y profesional. Con a\u00f1os de experiencia como mentora de vida y negocios, autora galardonada, oradora y presentadora de podcast. A parte de contar con experiencia corporativa, me dedico a empoderar a las personas para que alcancen [&hellip;]","og_url":"https:\/\/jeasalva.com\/es\/sobre-mi\/","og_site_name":"Jeanette Salvatierra","article_modified_time":"2023-11-14T14:48:54+00:00","og_image":[{"url":"https:\/\/jeasalva.com\/wp-content\/uploads\/2023\/10\/logo_blanco.png","type":"","width":"","height":""}],"twitter_card":"summary_large_image","twitter_misc":{"Tiempo de lectura":"2 minutos"},"schema":{"@context":"https:\/\/schema.org","@graph":[{"@type":"WebPage","@id":"https:\/\/jeasalva.com\/es\/sobre-mi\/","url":"https:\/\/jeasalva.com\/es\/sobre-mi\/","name":"Sobre Mi - Jeanette Salvatierra","isPartOf":{"@id":"https:\/\/jeasalva.com\/es\/#website"},"primaryImageOfPage":{"@id":"https:\/\/jeasalva.com\/es\/sobre-mi\/#primaryimage"},"image":{"@id":"https:\/\/jeasalva.com\/es\/sobre-mi\/#primaryimage"},"thumbnailUrl":"https:\/\/jeasalva.com\/wp-content\/uploads\/2023\/10\/logo_blanco.png","datePublished":"2023-11-10T00:08:37+00:00","dateModified":"2023-11-14T14:48:54+00:00","breadcrumb":{"@id":"https:\/\/jeasalva.com\/es\/sobre-mi\/#breadcrumb"},"inLanguage":"es","potentialAction":[{"@type":"ReadAction","target":["https:\/\/jeasalva.com\/es\/sobre-mi\/"]}]},{"@type":"ImageObject","inLanguage":"es","@id":"https:\/\/jeasalva.com\/es\/sobre-mi\/#primaryimage","url":"https:\/\/jeasalva.com\/wp-content\/uploads\/2023\/10\/logo_blanco.png","contentUrl":"https:\/\/jeasalva.com\/wp-content\/uploads\/2023\/10\/logo_blanco.png"},{"@type":"BreadcrumbList","@id":"https:\/\/jeasalva.com\/es\/sobre-mi\/#breadcrumb","itemListElement":[{"@type":"ListItem","position":1,"name":"Home","item":"https:\/\/jeasalva.com\/es\/home-es\/"},{"@type":"ListItem","position":2,"name":"Sobre Mi"}]},{"@type":"WebSite","@id":"https:\/\/jeasalva.com\/es\/#website","url":"https:\/\/jeasalva.com\/es\/","name":"Jeanette Salvatierra","description":"Business Woman and Mentor: The Gratitude Lady","publisher":{"@id":"https:\/\/jeasalva.com\/es\/#organization"},"potentialAction":[{"@type":"SearchAction","target":{"@type":"EntryPoint","urlTemplate":"https:\/\/jeasalva.com\/es\/?s={search_term_string}"},"query-input":{"@type":"PropertyValueSpecification","valueRequired":true,"valueName":"search_term_string"}}],"inLanguage":"es"},{"@type":"Organization","@id":"https:\/\/jeasalva.com\/es\/#organization","name":"Jeanette Salvatierra","url":"https:\/\/jeasalva.com\/es\/","logo":{"@type":"ImageObject","inLanguage":"es","@id":"https:\/\/jeasalva.com\/es\/#\/schema\/logo\/image\/","url":"https:\/\/jeasalva.com\/wp-content\/uploads\/2023\/10\/logo_blanco.png","contentUrl":"https:\/\/jeasalva.com\/wp-content\/uploads\/2023\/10\/logo_blanco.png","width":667,"height":178,"caption":"Jeanette Salvatierra"},"image":{"@id":"https:\/\/jeasalva.com\/es\/#\/schema\/logo\/image\/"}}]}},"uagb_featured_image_src":{"full":false,"thumbnail":false,"medium":false,"medium_large":false,"large":false,"1536x1536":false,"2048x2048":false,"trp-custom-language-flag":false},"uagb_author_info":{"display_name":"Oriana Galdeano","author_link":"https:\/\/jeasalva.com\/es\/author\/webmaster\/"},"uagb_comment_info":0,"uagb_excerpt":"Es m\u00e1s que negocios. Sobre Mi Soy Jeanette Salvatierra, tu gu\u00eda de confianza en el camino del crecimiento personal y profesional. Con a\u00f1os de experiencia como mentora de vida y negocios, autora galardonada, oradora y presentadora de podcast. A parte de contar con experiencia corporativa, me dedico a empoderar a las personas para que alcancen&hellip;","_links":{"self":[{"href":"https:\/\/jeasalva.com\/es\/wp-json\/wp\/v2\/pages\/1135","targetHints":{"allow":["GET"]}}],"collection":[{"href":"https:\/\/jeasalva.com\/es\/wp-json\/wp\/v2\/pages"}],"about":[{"href":"https:\/\/jeasalva.com\/es\/wp-json\/wp\/v2\/types\/page"}],"author":[{"embeddable":true,"href":"https:\/\/jeasalva.com\/es\/wp-json\/wp\/v2\/users\/2"}],"replies":[{"embeddable":true,"href":"https:\/\/jeasalva.com\/es\/wp-json\/wp\/v2\/comments?post=1135"}],"version-history":[{"count":7,"href":"https:\/\/jeasalva.com\/es\/wp-json\/wp\/v2\/pages\/1135\/revisions"}],"predecessor-version":[{"id":1227,"href":"https:\/\/jeasalva.com\/es\/wp-json\/wp\/v2\/pages\/1135\/revisions\/1227"}],"wp:attachment":[{"href":"https:\/\/jeasalva.com\/es\/wp-json\/wp\/v2\/media?parent=1135"}],"curies":[{"name":"wp","href":"https:\/\/api.w.org\/{rel}","templated":true}]}}